{"id":1527,"date":"2015-04-27T11:29:01","date_gmt":"2015-04-27T10:29:01","guid":{"rendered":"http:\/\/avogar.com\/?page_id=1527"},"modified":"2017-02-08T00:59:08","modified_gmt":"2017-02-07T23:59:08","slug":"traballo-responsabilidade","status":"publish","type":"page","link":"https:\/\/avogar.com\/gl\/traballo-responsabilidade\/","title":{"rendered":"despacho-instalaci\u00f3ns"},"content":{"rendered":"<p>[vc_row dt_no_mb=&#8221;no-margin&#8221; dt_row_type=&#8221;in_container&#8221; bg_color=&#8221;#ffffff&#8221; dt_color_opacity=&#8221;100&#8243; dt_padding_top=&#8221;70&#8243; dt_padding_bottom=&#8221;0&#8243; dt_id=&#8221;gal-eria&#8221;][vc_column]<div class=\"dt-title-wrapper\"><h1 class=\"section-title\">As nosas instalaci\u00f3ns<\/h1><\/div><h2 class=\"section-tagline\">Entreplanta Rei Don Garc\u00eda 74-76<\/h2><section class=\"patti-grid\" id=\"gridwrapper_fca\" data-token=\"i2PkX\"><section id=\"options\"><ul id=\"filters\" class=\"option-set clearfix\" data-option-key=\"filter\"><li class=\"all-projects\"><a href=\"#filter\" data-option-value=\"*\" class=\"selected active\">Todas<\/a><\/li><li><a href=\"#filter\" data-option-value=\".0\">Fronte<\/a><\/li><li><a href=\"#filter\" data-option-value=\".0\">Entrada<\/a><\/li><li><a href=\"#filter\" data-option-value=\".0\">Oficinas<\/a><\/li><li><a href=\"#filter\" data-option-value=\".0\">Outras<\/a><\/li><\/ul><\/section><div class=\"space\"><\/div><section id=\"portfolio-wrapper\"><ul class=\"portfolio grid isotope grid_fca\"><li class=\"grid-item dt-project-45  item-small\"><a href=\"https:\/\/avogar.com\/gl\/portfolio\/compromiso-transparencia\/\"><div class=\"grid-item-on-hover\"><div class=\"grid-text\"><h3>Compromiso e transparencia<\/h3><\/div><div><span><\/span><\/div><\/div><img class=\"lazy\" data-original=\"https:\/\/avogar.com\/wp-content\/uploads\/2015\/02\/transparencia-compromiso-379x295.jpg\" alt=\"Transparencia e compromiso no desempe\u00f1o da nosa labor\" \/><\/a><\/li><li class=\"grid-item dt-project-56  item-small\"><a href=\"https:\/\/avogar.com\/gl\/portfolio\/cercania-3\/\"><div class=\"grid-item-on-hover\"><div class=\"grid-text\"><h3>Cercan\u00eda<\/h3><\/div><div><span><\/span><\/div><\/div><img class=\"lazy\" data-original=\"https:\/\/avogar.com\/wp-content\/uploads\/2015\/02\/cercania-379x295.jpg\" alt=\"Instalaci\u00f3ns cercanas \u00f3 centro de Lugo\" \/><\/a><\/li><li class=\"grid-item dt-project-867  item-long\"><a href=\"https:\/\/avogar.com\/gl\/portfolio\/profesionalidade-cordialidade\/\"><div class=\"grid-item-on-hover\"><div class=\"grid-text\"><h3>Profesionalidade e cordialidade<\/h3><\/div><div><span><\/span><\/div><\/div><img class=\"lazy\" data-original=\"https:\/\/avogar.com\/wp-content\/uploads\/2015\/02\/profesionalidad-cordialidad-762x295.jpg\" alt=\"Un trato profesional \u00e1 vez que persoal e cordial\" \/><\/a><\/li><li class=\"grid-item dt-project-839  item-small\"><a href=\"https:\/\/avogar.com\/gl\/portfolio\/confianza-2\/\"><div class=\"grid-item-on-hover\"><div class=\"grid-text\"><h3>Confianza<\/h3><\/div><div><span><\/span><\/div><\/div><img class=\"lazy\" data-original=\"https:\/\/avogar.com\/wp-content\/uploads\/2015\/02\/confianza-379x295.jpg\" alt=\"Confianza e confidencialidade para os nosos clientes\" \/><\/a><\/li><li class=\"grid-item dt-project-47  item-long\"><a href=\"https:\/\/avogar.com\/gl\/portfolio\/299gal\/\"><div class=\"grid-item-on-hover\"><div class=\"grid-text\"><h3>199 m2 de instalaci\u00f3ns<\/h3><\/div><div><span><\/span><\/div><\/div><img class=\"lazy\" data-original=\"https:\/\/avogar.com\/wp-content\/uploads\/2015\/02\/299-m2-762x295.jpg\" alt=\"Fachada 299 metros cuadrados\" \/><\/a><\/li><li class=\"grid-item dt-project-853  item-small\"><a href=\"https:\/\/avogar.com\/gl\/portfolio\/medios-innovacion-2\/\"><div class=\"grid-item-on-hover\"><div class=\"grid-text\"><h3>Medios e innovaci\u00f3n<\/h3><\/div><div><span><\/span><\/div><\/div><img class=\"lazy\" data-original=\"https:\/\/avogar.com\/wp-content\/uploads\/2015\/02\/medios-innovacion-379x295.jpg\" alt=\"Dispo\u00f1emos dos medios m\u00e1is modernos e innovadores\" \/><\/a><\/li><li class=\"grid-item dt-project-801  item-small\"><a href=\"https:\/\/avogar.com\/gl\/portfolio\/capacidade\/\"><div class=\"grid-item-on-hover\"><div class=\"grid-text\"><h3>Capacidade<\/h3><\/div><div><span><\/span><\/div><\/div><img class=\"lazy\" data-original=\"https:\/\/avogar.com\/wp-content\/uploads\/2015\/02\/capacidad-responsabilidad-379x295.jpg\" alt=\"Capacidade e responsabilidade no desempe\u00f1o das nosas funci\u00f3ns\" \/><\/a><\/li><li class=\"grid-item dt-project-52  item-high\"><a href=\"https:\/\/avogar.com\/gl\/portfolio\/comunidades-eficientes-2\/\"><div class=\"grid-item-on-hover\"><div class=\"grid-text\"><h3>Comunidades eficientes<\/h3><\/div><div><span><\/span><\/div><\/div><img class=\"lazy\" data-original=\"https:\/\/avogar.com\/wp-content\/uploads\/2015\/02\/comunidades-eficientes-379x592.jpg\" alt=\"Administraci\u00f3n que procura a m\u00e1xima eficiencia nas comunidades que xestiona\" \/><\/a><\/li><li class=\"grid-item dt-project-910  item-small\"><a href=\"https:\/\/avogar.com\/gl\/portfolio\/avogados-experiencia\/\"><div class=\"grid-item-on-hover\"><div class=\"grid-text\"><h3>Avogados con experiencia<\/h3><\/div><div><span><\/span><\/div><\/div><img class=\"lazy\" data-original=\"https:\/\/avogar.com\/wp-content\/uploads\/2015\/02\/abogados-experiencia-379x295.jpg\" alt=\"Experiencia como avogados, material xur\u00eddico\" \/><\/a><\/li><li class=\"grid-item dt-project-846  item-long\"><a href=\"https:\/\/avogar.com\/gl\/portfolio\/comodidade\/\"><div class=\"grid-item-on-hover\"><div class=\"grid-text\"><h3>Comodidade<\/h3><\/div><div><span><\/span><\/div><\/div><img class=\"lazy\" data-original=\"https:\/\/avogar.com\/wp-content\/uploads\/2015\/02\/comodidad-762x295.jpg\" alt=\"C\u00f3modas instalaci\u00f3ns para recibir \u00f3s nosos clientes\" \/><\/a><\/li><li class=\"grid-item dt-project-874  item-small\"><a href=\"https:\/\/avogar.com\/gl\/portfolio\/traballo-responsabilidade\/\"><div class=\"grid-item-on-hover\"><div class=\"grid-text\"><h3>Traballo e implicaci\u00f3n<\/h3><\/div><div><span><\/span><\/div><\/div><img class=\"lazy\" data-original=\"https:\/\/avogar.com\/wp-content\/uploads\/2015\/02\/trabajo-implicacion-379x295.jpg\" alt=\"Traballo e implicaci\u00f3n no desempe\u00f1o da nosa labor\" \/><\/a><\/li><\/ul><\/section><\/section><div class=\"space\"><\/div>[\/vc_column][\/vc_row][vc_row dt_no_mb=&#8221;no-margin&#8221; bg_color=&#8221;#ffffff&#8221; dt_id=&#8221;onde&#8221;][vc_column]<div class=\"map-wrapper\" id=\"delicious_map_caa\" data-token=\"ZgzNy\"><a class=\"button-map close-map\"><span>Local\u00edcenos no mapa<\/span><\/a><div id=\"google_map_caa\"><\/div><\/div>[\/vc_column][\/vc_row][vc_row dt_no_mb=&#8221;no-margin&#8221;][vc_column][vc_column_text]<\/p>\n<p style=\"text-align: center;\">Horario.- Luns a Xoves: 09:30 &#8211; 13:30 e 16:00 &#8211; 20:00 \/ Venres: 08:00 &#8211; 15:00<\/p>\n<p style=\"text-align: center;\"><a title=\"Aviso legal e Pol\u00edtica de Privacidade\" href=\"http:\/\/avogar.com\/gl\/aviso-legal-politica-privacidade\/\">Aviso Legal e Pol\u00edtica de Privacidade<\/a><\/p>\n<p style=\"text-align: center;\">Grazas pola s\u00faa visita<\/p>\n<p style=\"text-align: center;\"><img decoding=\"async\" class=\"alignnone size-full wp-image-1286\" src=\"http:\/\/avogar.com\/wp-content\/uploads\/2015\/02\/favicon.png\" alt=\"Favic\u00f3n Avogar\" width=\"16\" height=\"16\" \/><\/p>\n<p>[\/vc_column_text][\/vc_column][\/vc_row]<\/p>\n","protected":false},"excerpt":{"rendered":"<p>[vc_row dt_no_mb=&#8221;no-margin&#8221; dt_row_type=&#8221;in_container&#8221; bg_color=&#8221;#ffffff&#8221; dt_color_opacity=&#8221;100&#8243; dt_padding_top=&#8221;70&#8243; dt_padding_bottom=&#8221;0&#8243; dt_id=&#8221;gal-eria&#8221;][vc_column][\/vc_column][\/vc_row][vc_row dt_no_mb=&#8221;no-margin&#8221; bg_color=&#8221;#ffffff&#8221; dt_id=&#8221;onde&#8221;][vc_column][\/vc_column][\/vc_row][vc_row dt_no_mb=&#8221;no-margin&#8221;][vc_column][vc_column_text] Horario.- Luns a Xoves: 09:30 &#8211; 13:30 e 16:00 &#8211; 20:00 \/ Venres:&#8230;<\/p>\n<p class=\"readmore\"><a class=\"more-btn\" href=\"https:\/\/avogar.com\/gl\/portfolio\/traballo-responsabilidade\/\">Read More<\/a><\/p>\n","protected":false},"author":1,"featured_media":0,"parent":0,"menu_order":0,"comment_status":"closed","ping_status":"closed","template":"template-homepage.php","meta":{"footnotes":""},"_links":{"self":[{"href":"https:\/\/avogar.com\/gl\/wp-json\/wp\/v2\/pages\/1527"}],"collection":[{"href":"https:\/\/avogar.com\/gl\/wp-json\/wp\/v2\/pages"}],"about":[{"href":"https:\/\/avogar.com\/gl\/wp-json\/wp\/v2\/types\/page"}],"author":[{"embeddable":true,"href":"https:\/\/avogar.com\/gl\/wp-json\/wp\/v2\/users\/1"}],"replies":[{"embeddable":true,"href":"https:\/\/avogar.com\/gl\/wp-json\/wp\/v2\/comments?post=1527"}],"version-history":[{"count":5,"href":"https:\/\/avogar.com\/gl\/wp-json\/wp\/v2\/pages\/1527\/revisions"}],"predecessor-version":[{"id":2533,"href":"https:\/\/avogar.com\/gl\/wp-json\/wp\/v2\/pages\/1527\/revisions\/2533"}],"wp:attachment":[{"href":"https:\/\/avogar.com\/gl\/wp-json\/wp\/v2\/media?parent=1527"}],"curies":[{"name":"wp","href":"https:\/\/api.w.org\/{rel}","templated":true}]}}